{"id":201,"date":"2021-11-15T09:16:02","date_gmt":"2021-11-15T08:16:02","guid":{"rendered":"https:\/\/gh.oscott.se\/?page_id=201"},"modified":"2025-11-30T20:17:02","modified_gmt":"2025-11-30T18:17:02","slug":"boka-aktivitet","status":"publish","type":"page","link":"https:\/\/gymnastikenshus.se\/index.php\/boka-aktivitet\/","title":{"rendered":"Boka aktivitet"},"content":{"rendered":"\n<p>Boka lokal i Gymnastikens Hus f\u00f6r tr\u00e4ning, l\u00e4ger, barnkalas, kurs, konferens eller liknande.<\/p>\n\n\n\n<p>F\u00f6r bokning av aktivitet i Gymnastikens Hus, kontakta <a href=\"mailto:kansli@gymnastikenshus.se\">kansli@gymnastikenshus.se<\/a><\/p>\n\n\n\n<p>F\u00f6r att boka barnkalas i Gymnastikens Hus, kontakta Alings\u00e5s IF Gymnastik <a>ekonomi.aifgymnastik@gmail.com<\/a><\/p>\n\n\n\n<p><\/p>\n\n\n\n<p><\/p>\n\n\n\n<p><\/p>\n","protected":false},"excerpt":{"rendered":"<p>Boka lokal i Gymnastikens Hus f\u00f6r tr\u00e4ning, l\u00e4ger, barnkalas, kurs, konferens eller liknande. F\u00f6r bokning av aktivitet i Gymnastikens Hus, kontakta kansli@gymnastikenshus.se F\u00f6r att boka barnkalas i Gymnastikens Hus, kontakta [&hellip;]<\/p>\n","protected":false},"author":1,"featured_media":0,"parent":0,"menu_order":0,"comment_status":"closed","ping_status":"closed","template":"","meta":{"_EventAllDay":false,"_EventTimezone":"","_EventStartDate":"","_EventEndDate":"","_EventStartDateUTC":"","_EventEndDateUTC":"","_EventShowMap":false,"_EventShowMapLink":false,"_EventURL":"","_EventCost":"","_EventCostDescription":"","_EventCurrencySymbol":"","_EventCurrencyCode":"","_EventCurrencyPosition":"","_EventDateTimeSeparator":"","_EventTimeRangeSeparator":"","_EventOrganizerID":[],"_EventVenueID":[],"_OrganizerEmail":"","_OrganizerPhone":"","_OrganizerWebsite":"","_VenueAddress":"","_VenueCity":"","_VenueCountry":"","_VenueProvince":"","_VenueState":"","_VenueZip":"","_VenuePhone":"","_VenueURL":"","_VenueStateProvince":"","_VenueLat":"","_VenueLng":"","_VenueShowMap":false,"_VenueShowMapLink":false,"footnotes":""},"class_list":["post-201","page","type-page","status-publish","hentry"],"yoast_head":"<!-- This site is optimized with the Yoast SEO plugin v26.9 - https:\/\/yoast.com\/product\/yoast-seo-wordpress\/ -->\n<title>Boka aktivitet - Gymnastikens Hus i Alings\u00e5s<\/title>\n<meta name=\"robots\" content=\"index, follow, max-snippet:-1, max-image-preview:large, max-video-preview:-1\" \/>\n<link rel=\"canonical\" href=\"https:\/\/gymnastikenshus.se\/index.php\/boka-aktivitet\/\" \/>\n<meta property=\"og:locale\" content=\"sv_SE\" \/>\n<meta property=\"og:type\" content=\"article\" \/>\n<meta property=\"og:title\" content=\"Boka aktivitet - Gymnastikens Hus i Alings\u00e5s\" \/>\n<meta property=\"og:description\" content=\"Boka lokal i Gymnastikens Hus f\u00f6r tr\u00e4ning, l\u00e4ger, barnkalas, kurs, konferens eller liknande. F\u00f6r bokning av aktivitet i Gymnastikens Hus, kontakta kansli@gymnastikenshus.se F\u00f6r att boka barnkalas i Gymnastikens Hus, kontakta [&hellip;]\" \/>\n<meta property=\"og:url\" content=\"https:\/\/gymnastikenshus.se\/index.php\/boka-aktivitet\/\" \/>\n<meta property=\"og:site_name\" content=\"Gymnastikens Hus i Alings\u00e5s\" \/>\n<meta property=\"article:modified_time\" content=\"2025-11-30T18:17:02+00:00\" \/>\n<meta name=\"twitter:card\" content=\"summary_large_image\" \/>\n<meta name=\"twitter:label1\" content=\"Ber\u00e4knad l\u00e4stid\" \/>\n\t<meta name=\"twitter:data1\" content=\"1 minut\" \/>\n<script type=\"application\/ld+json\" class=\"yoast-schema-graph\">{\"@context\":\"https:\/\/schema.org\",\"@graph\":[{\"@type\":\"WebPage\",\"@id\":\"https:\/\/gymnastikenshus.se\/index.php\/boka-aktivitet\/\",\"url\":\"https:\/\/gymnastikenshus.se\/index.php\/boka-aktivitet\/\",\"name\":\"Boka aktivitet - Gymnastikens Hus i Alings\u00e5s\",\"isPartOf\":{\"@id\":\"https:\/\/gymnastikenshus.se\/#website\"},\"datePublished\":\"2021-11-15T08:16:02+00:00\",\"dateModified\":\"2025-11-30T18:17:02+00:00\",\"breadcrumb\":{\"@id\":\"https:\/\/gymnastikenshus.se\/index.php\/boka-aktivitet\/#breadcrumb\"},\"inLanguage\":\"sv-SE\",\"potentialAction\":[{\"@type\":\"ReadAction\",\"target\":[\"https:\/\/gymnastikenshus.se\/index.php\/boka-aktivitet\/\"]}]},{\"@type\":\"BreadcrumbList\",\"@id\":\"https:\/\/gymnastikenshus.se\/index.php\/boka-aktivitet\/#breadcrumb\",\"itemListElement\":[{\"@type\":\"ListItem\",\"position\":1,\"name\":\"Hem\",\"item\":\"https:\/\/gymnastikenshus.se\/\"},{\"@type\":\"ListItem\",\"position\":2,\"name\":\"Boka aktivitet\"}]},{\"@type\":\"WebSite\",\"@id\":\"https:\/\/gymnastikenshus.se\/#website\",\"url\":\"https:\/\/gymnastikenshus.se\/\",\"name\":\"Gymnastikens Hus i Alings\u00e5s\",\"description\":\"\",\"publisher\":{\"@id\":\"https:\/\/gymnastikenshus.se\/#organization\"},\"potentialAction\":[{\"@type\":\"SearchAction\",\"target\":{\"@type\":\"EntryPoint\",\"urlTemplate\":\"https:\/\/gymnastikenshus.se\/?s={search_term_string}\"},\"query-input\":{\"@type\":\"PropertyValueSpecification\",\"valueRequired\":true,\"valueName\":\"search_term_string\"}}],\"inLanguage\":\"sv-SE\"},{\"@type\":\"Organization\",\"@id\":\"https:\/\/gymnastikenshus.se\/#organization\",\"name\":\"Gymnastikens Hus i Alings\u00e5s\",\"url\":\"https:\/\/gymnastikenshus.se\/\",\"logo\":{\"@type\":\"ImageObject\",\"inLanguage\":\"sv-SE\",\"@id\":\"https:\/\/gymnastikenshus.se\/#\/schema\/logo\/image\/\",\"url\":\"https:\/\/gymnastikenshus.se\/wp-content\/uploads\/2024\/02\/cropped-cropped-image1.jpg\",\"contentUrl\":\"https:\/\/gymnastikenshus.se\/wp-content\/uploads\/2024\/02\/cropped-cropped-image1.jpg\",\"width\":512,\"height\":512,\"caption\":\"Gymnastikens Hus i Alings\u00e5s\"},\"image\":{\"@id\":\"https:\/\/gymnastikenshus.se\/#\/schema\/logo\/image\/\"}}]}<\/script>\n<!-- \/ Yoast SEO plugin. -->","yoast_head_json":{"title":"Boka aktivitet - Gymnastikens Hus i Alings\u00e5s","robots":{"index":"index","follow":"follow","max-snippet":"max-snippet:-1","max-image-preview":"max-image-preview:large","max-video-preview":"max-video-preview:-1"},"canonical":"https:\/\/gymnastikenshus.se\/index.php\/boka-aktivitet\/","og_locale":"sv_SE","og_type":"article","og_title":"Boka aktivitet - Gymnastikens Hus i Alings\u00e5s","og_description":"Boka lokal i Gymnastikens Hus f\u00f6r tr\u00e4ning, l\u00e4ger, barnkalas, kurs, konferens eller liknande. F\u00f6r bokning av aktivitet i Gymnastikens Hus, kontakta kansli@gymnastikenshus.se F\u00f6r att boka barnkalas i Gymnastikens Hus, kontakta [&hellip;]","og_url":"https:\/\/gymnastikenshus.se\/index.php\/boka-aktivitet\/","og_site_name":"Gymnastikens Hus i Alings\u00e5s","article_modified_time":"2025-11-30T18:17:02+00:00","twitter_card":"summary_large_image","twitter_misc":{"Ber\u00e4knad l\u00e4stid":"1 minut"},"schema":{"@context":"https:\/\/schema.org","@graph":[{"@type":"WebPage","@id":"https:\/\/gymnastikenshus.se\/index.php\/boka-aktivitet\/","url":"https:\/\/gymnastikenshus.se\/index.php\/boka-aktivitet\/","name":"Boka aktivitet - Gymnastikens Hus i Alings\u00e5s","isPartOf":{"@id":"https:\/\/gymnastikenshus.se\/#website"},"datePublished":"2021-11-15T08:16:02+00:00","dateModified":"2025-11-30T18:17:02+00:00","breadcrumb":{"@id":"https:\/\/gymnastikenshus.se\/index.php\/boka-aktivitet\/#breadcrumb"},"inLanguage":"sv-SE","potentialAction":[{"@type":"ReadAction","target":["https:\/\/gymnastikenshus.se\/index.php\/boka-aktivitet\/"]}]},{"@type":"BreadcrumbList","@id":"https:\/\/gymnastikenshus.se\/index.php\/boka-aktivitet\/#breadcrumb","itemListElement":[{"@type":"ListItem","position":1,"name":"Hem","item":"https:\/\/gymnastikenshus.se\/"},{"@type":"ListItem","position":2,"name":"Boka aktivitet"}]},{"@type":"WebSite","@id":"https:\/\/gymnastikenshus.se\/#website","url":"https:\/\/gymnastikenshus.se\/","name":"Gymnastikens Hus i Alings\u00e5s","description":"","publisher":{"@id":"https:\/\/gymnastikenshus.se\/#organization"},"potentialAction":[{"@type":"SearchAction","target":{"@type":"EntryPoint","urlTemplate":"https:\/\/gymnastikenshus.se\/?s={search_term_string}"},"query-input":{"@type":"PropertyValueSpecification","valueRequired":true,"valueName":"search_term_string"}}],"inLanguage":"sv-SE"},{"@type":"Organization","@id":"https:\/\/gymnastikenshus.se\/#organization","name":"Gymnastikens Hus i Alings\u00e5s","url":"https:\/\/gymnastikenshus.se\/","logo":{"@type":"ImageObject","inLanguage":"sv-SE","@id":"https:\/\/gymnastikenshus.se\/#\/schema\/logo\/image\/","url":"https:\/\/gymnastikenshus.se\/wp-content\/uploads\/2024\/02\/cropped-cropped-image1.jpg","contentUrl":"https:\/\/gymnastikenshus.se\/wp-content\/uploads\/2024\/02\/cropped-cropped-image1.jpg","width":512,"height":512,"caption":"Gymnastikens Hus i Alings\u00e5s"},"image":{"@id":"https:\/\/gymnastikenshus.se\/#\/schema\/logo\/image\/"}}]}},"_links":{"self":[{"href":"https:\/\/gymnastikenshus.se\/index.php\/wp-json\/wp\/v2\/pages\/201","targetHints":{"allow":["GET"]}}],"collection":[{"href":"https:\/\/gymnastikenshus.se\/index.php\/wp-json\/wp\/v2\/pages"}],"about":[{"href":"https:\/\/gymnastikenshus.se\/index.php\/wp-json\/wp\/v2\/types\/page"}],"author":[{"embeddable":true,"href":"https:\/\/gymnastikenshus.se\/index.php\/wp-json\/wp\/v2\/users\/1"}],"replies":[{"embeddable":true,"href":"https:\/\/gymnastikenshus.se\/index.php\/wp-json\/wp\/v2\/comments?post=201"}],"version-history":[{"count":13,"href":"https:\/\/gymnastikenshus.se\/index.php\/wp-json\/wp\/v2\/pages\/201\/revisions"}],"predecessor-version":[{"id":3090,"href":"https:\/\/gymnastikenshus.se\/index.php\/wp-json\/wp\/v2\/pages\/201\/revisions\/3090"}],"wp:attachment":[{"href":"https:\/\/gymnastikenshus.se\/index.php\/wp-json\/wp\/v2\/media?parent=201"}],"curies":[{"name":"wp","href":"https:\/\/api.w.org\/{rel}","templated":true}]}}