{"id":238,"date":"2023-10-23T21:56:00","date_gmt":"2023-10-23T19:56:00","guid":{"rendered":"https:\/\/gh.oscott.se\/?page_id=238"},"modified":"2025-08-26T11:48:51","modified_gmt":"2025-08-26T09:48:51","slug":"gymnastikhall-13","status":"publish","type":"page","link":"https:\/\/gymnastikenshus.se\/index.php\/gymnastikhall-13\/","title":{"rendered":"Gymnastikhall 1"},"content":{"rendered":"\n<figure class=\"wp-block-image size-full is-resized\"><img loading=\"lazy\" decoding=\"async\" width=\"640\" height=\"480\" src=\"https:\/\/gymnastikenshus.se\/wp-content\/uploads\/2025\/08\/image-3.png\" alt=\"\" class=\"wp-image-2819\" style=\"width:360px;height:auto\" srcset=\"https:\/\/gymnastikenshus.se\/wp-content\/uploads\/2025\/08\/image-3.png 640w, https:\/\/gymnastikenshus.se\/wp-content\/uploads\/2025\/08\/image-3-300x225.png 300w\" sizes=\"auto, (max-width: 640px) 100vw, 640px\" \/><\/figure>\n\n\n\n<p><strong>Gymnastikhall 1 <\/strong>\u00e4r en av V\u00e4stsveriges b\u00e4st utrustade hallar f\u00f6r kvinnlig och manlig artistisk gymnastik och erbjuder \u00e4ven m\u00f6jlighet att tr\u00e4na trampolin, truppgymnastik och cheerleading.  <\/p>\n\n\n\n<p>Hallen&nbsp;\u00e4r 1125 kvm och har en hoppgrop p\u00e5 100 kvm som \u00e4r t\u00e4ckt i alla delar f\u00f6rutom en avhoppsdel f\u00f6r r\u00e4ck som \u00e4r fylld med l\u00f6sskum.<\/p>\n\n\n\n<figure class=\"wp-block-image size-full is-resized\"><img loading=\"lazy\" decoding=\"async\" width=\"480\" height=\"360\" src=\"https:\/\/gymnastikenshus.se\/wp-content\/uploads\/2025\/08\/image-4.png\" alt=\"\" class=\"wp-image-2822\" style=\"width:367px;height:auto\" srcset=\"https:\/\/gymnastikenshus.se\/wp-content\/uploads\/2025\/08\/image-4.png 480w, https:\/\/gymnastikenshus.se\/wp-content\/uploads\/2025\/08\/image-4-300x225.png 300w\" sizes=\"auto, (max-width: 480px) 100vw, 480px\" \/><\/figure>\n\n\n\n<figure class=\"wp-block-image size-full is-resized\"><img loading=\"lazy\" decoding=\"async\" width=\"640\" height=\"480\" src=\"https:\/\/gymnastikenshus.se\/wp-content\/uploads\/2025\/08\/image-5.png\" alt=\"\" class=\"wp-image-2825\" style=\"width:368px;height:auto\" srcset=\"https:\/\/gymnastikenshus.se\/wp-content\/uploads\/2025\/08\/image-5.png 640w, https:\/\/gymnastikenshus.se\/wp-content\/uploads\/2025\/08\/image-5-300x225.png 300w\" sizes=\"auto, (max-width: 640px) 100vw, 640px\" \/><\/figure>\n\n\n\n<figure class=\"wp-block-image size-full is-resized\"><img loading=\"lazy\" decoding=\"async\" width=\"640\" height=\"480\" src=\"https:\/\/gymnastikenshus.se\/wp-content\/uploads\/2025\/08\/image-6.png\" alt=\"\" class=\"wp-image-2828\" style=\"width:371px;height:auto\" srcset=\"https:\/\/gymnastikenshus.se\/wp-content\/uploads\/2025\/08\/image-6.png 640w, https:\/\/gymnastikenshus.se\/wp-content\/uploads\/2025\/08\/image-6-300x225.png 300w\" sizes=\"auto, (max-width: 640px) 100vw, 640px\" \/><\/figure>\n\n\n\n<p><strong>Redskap<\/strong><\/p>\n\n\n\n<p>Hallen \u00e4r utrustad med tre dambarrar, tv\u00e5 herrbarrar, tv\u00e5 ringst\u00e4llningar och tv\u00e5 r\u00e4ck som finns p\u00e5 golv eller i anslutning till hoppgropen. Det finns fem bommar p\u00e5 full h\u00f6jd och ett antal golvbommar. F\u00f6rutom senior- och juniorbygelh\u00e4st finns&nbsp;golvbygelh\u00e4st, bygelbr\u00e4da, svampar med mera.<\/p>\n\n\n\n<p>F\u00f6r hopp finns&nbsp;tv\u00e5 pegasus och en skumpegasus&nbsp;som kan anv\u00e4ndas&nbsp;p\u00e5 golv eller till hoppgrop.<\/p>\n\n\n\n<p>Voltgolv finns med landning till hoppgropen.<\/p>\n\n\n\n<p>Trampolinen i hallen ligger i anslutning till hoppgropen.<\/p>\n\n\n\n<p> En del av hallen \u00e4r utrustad med barnredskap.<\/p>\n\n\n\n<p>Hallen \u00e4r till \u00f6verv\u00e4gande del utrustad med redskap fr\u00e5n&nbsp;<a href=\"http:\/\/www.spieth-gymnastics.com\/\" target=\"_blank\" rel=\"noreferrer noopener\">Spieth<\/a>. <\/p>\n\n\n\n<figure class=\"wp-block-image size-full is-resized\"><img loading=\"lazy\" decoding=\"async\" width=\"640\" height=\"480\" src=\"https:\/\/gymnastikenshus.se\/wp-content\/uploads\/2025\/08\/image-7.png\" alt=\"\" class=\"wp-image-2833\" style=\"width:393px;height:auto\" srcset=\"https:\/\/gymnastikenshus.se\/wp-content\/uploads\/2025\/08\/image-7.png 640w, https:\/\/gymnastikenshus.se\/wp-content\/uploads\/2025\/08\/image-7-300x225.png 300w\" sizes=\"auto, (max-width: 640px) 100vw, 640px\" \/><\/figure>\n\n\n\n<figure class=\"wp-block-image size-full is-resized\"><img loading=\"lazy\" decoding=\"async\" width=\"640\" height=\"480\" src=\"https:\/\/gymnastikenshus.se\/wp-content\/uploads\/2025\/08\/image-8.png\" alt=\"\" class=\"wp-image-2836\" style=\"width:396px;height:auto\" srcset=\"https:\/\/gymnastikenshus.se\/wp-content\/uploads\/2025\/08\/image-8.png 640w, https:\/\/gymnastikenshus.se\/wp-content\/uploads\/2025\/08\/image-8-300x225.png 300w\" sizes=\"auto, (max-width: 640px) 100vw, 640px\" \/><\/figure>\n\n\n\n<figure class=\"wp-block-image size-full is-resized\"><img loading=\"lazy\" decoding=\"async\" width=\"640\" height=\"480\" src=\"https:\/\/gymnastikenshus.se\/wp-content\/uploads\/2025\/08\/image-9.png\" alt=\"\" class=\"wp-image-2839\" style=\"width:400px;height:auto\" srcset=\"https:\/\/gymnastikenshus.se\/wp-content\/uploads\/2025\/08\/image-9.png 640w, https:\/\/gymnastikenshus.se\/wp-content\/uploads\/2025\/08\/image-9-300x225.png 300w\" sizes=\"auto, (max-width: 640px) 100vw, 640px\" \/><\/figure>\n\n\n\n<p><strong>Hyresvillkor f\u00f6r Hall 1 <\/strong><\/p>\n\n\n\n<p>Hallen g\u00e5r enbart att hyra med utbildad tr\u00e4nare fr\u00e5n&nbsp;<strong>Alings\u00e5s IF Gymnastik<\/strong>&nbsp;eller av idrottsf\u00f6rening med egen utbildad tr\u00e4nare inom gymnastik.<\/p>\n\n\n\n<p>Bokning av samtr\u00e4ningstider i hall 1 sker i samr\u00e5d med <strong>Alings\u00e5s IF Gymnastik.<\/strong><br><\/p>\n\n\n\n<p><strong>Ordningsregler<\/strong><\/p>\n\n\n\n<p>F\u00f6rutom de generella&nbsp;hyresvillkoren&nbsp;g\u00e4ller specifika&nbsp;ordningsregler&nbsp;f\u00f6r Gymnastikhall 1. Dessa ordningsregler skall distribueras till alla ledare och det \u00e5ligger ledaren att informera sina gymnaster och se till att reglerna efterlevs. Ordningsreglerna finns ocks\u00e5 anslagna i hallen i anslutning till entr\u00e9d\u00f6rren.<\/p>\n\n\n\n<p><strong>St\u00e4dinstruktioner<\/strong><\/p>\n\n\n\n<p>F\u00f6r Gymnastikhall 1 g\u00e4ller s\u00e4rskilda&nbsp;st\u00e4dinstruktioner. Dessa \u00e4r anslagna i hallen vid sidan av st\u00e4dsk\u00e5pen.<\/p>\n\n\n\n<p><strong>Max antal personer : 250<\/strong><\/p>\n","protected":false},"excerpt":{"rendered":"<p>Gymnastikhall 1 \u00e4r en av V\u00e4stsveriges b\u00e4st utrustade hallar f\u00f6r kvinnlig och manlig artistisk gymnastik och erbjuder \u00e4ven m\u00f6jlighet att tr\u00e4na trampolin, truppgymnastik och cheerleading. Hallen&nbsp;\u00e4r 1125 kvm och har [&hellip;]<\/p>\n","protected":false},"author":1,"featured_media":0,"parent":0,"menu_order":0,"comment_status":"closed","ping_status":"closed","template":"","meta":{"_EventAllDay":false,"_EventTimezone":"","_EventStartDate":"","_EventEndDate":"","_EventStartDateUTC":"","_EventEndDateUTC":"","_EventShowMap":false,"_EventShowMapLink":false,"_EventURL":"","_EventCost":"","_EventCostDescription":"","_EventCurrencySymbol":"","_EventCurrencyCode":"","_EventCurrencyPosition":"","_EventDateTimeSeparator":"","_EventTimeRangeSeparator":"","_EventOrganizerID":[],"_EventVenueID":[],"_OrganizerEmail":"","_OrganizerPhone":"","_OrganizerWebsite":"","_VenueAddress":"","_VenueCity":"","_VenueCountry":"","_VenueProvince":"","_VenueState":"","_VenueZip":"","_VenuePhone":"","_VenueURL":"","_VenueStateProvince":"","_VenueLat":"","_VenueLng":"","_VenueShowMap":false,"_VenueShowMapLink":false,"footnotes":""},"class_list":["post-238","page","type-page","status-publish","hentry"],"yoast_head":"<!-- This site is optimized with the Yoast SEO plugin v26.9 - https:\/\/yoast.com\/product\/yoast-seo-wordpress\/ -->\n<title>Gymnastikhall 1 - Gymnastikens Hus i Alings\u00e5s<\/title>\n<meta name=\"robots\" content=\"index, follow, max-snippet:-1, max-image-preview:large, max-video-preview:-1\" \/>\n<link rel=\"canonical\" href=\"https:\/\/gymnastikenshus.se\/index.php\/gymnastikhall-13\/\" \/>\n<meta property=\"og:locale\" content=\"sv_SE\" \/>\n<meta property=\"og:type\" content=\"article\" \/>\n<meta property=\"og:title\" content=\"Gymnastikhall 1 - Gymnastikens Hus i Alings\u00e5s\" \/>\n<meta property=\"og:description\" content=\"Gymnastikhall 1 \u00e4r en av V\u00e4stsveriges b\u00e4st utrustade hallar f\u00f6r kvinnlig och manlig artistisk gymnastik och erbjuder \u00e4ven m\u00f6jlighet att tr\u00e4na trampolin, truppgymnastik och cheerleading. Hallen&nbsp;\u00e4r 1125 kvm och har [&hellip;]\" \/>\n<meta property=\"og:url\" content=\"https:\/\/gymnastikenshus.se\/index.php\/gymnastikhall-13\/\" \/>\n<meta property=\"og:site_name\" content=\"Gymnastikens Hus i Alings\u00e5s\" \/>\n<meta property=\"article:modified_time\" content=\"2025-08-26T09:48:51+00:00\" \/>\n<meta property=\"og:image\" content=\"https:\/\/gymnastikenshus.se\/wp-content\/uploads\/2025\/08\/image-3.png\" \/>\n\t<meta property=\"og:image:width\" content=\"640\" \/>\n\t<meta property=\"og:image:height\" content=\"480\" \/>\n\t<meta property=\"og:image:type\" content=\"image\/png\" \/>\n<meta name=\"twitter:card\" content=\"summary_large_image\" \/>\n<meta name=\"twitter:label1\" content=\"Ber\u00e4knad l\u00e4stid\" \/>\n\t<meta name=\"twitter:data1\" content=\"3 minuter\" \/>\n<script type=\"application\/ld+json\" class=\"yoast-schema-graph\">{\"@context\":\"https:\/\/schema.org\",\"@graph\":[{\"@type\":\"WebPage\",\"@id\":\"https:\/\/gymnastikenshus.se\/index.php\/gymnastikhall-13\/\",\"url\":\"https:\/\/gymnastikenshus.se\/index.php\/gymnastikhall-13\/\",\"name\":\"Gymnastikhall 1 - Gymnastikens Hus i Alings\u00e5s\",\"isPartOf\":{\"@id\":\"https:\/\/gymnastikenshus.se\/#website\"},\"primaryImageOfPage\":{\"@id\":\"https:\/\/gymnastikenshus.se\/index.php\/gymnastikhall-13\/#primaryimage\"},\"image\":{\"@id\":\"https:\/\/gymnastikenshus.se\/index.php\/gymnastikhall-13\/#primaryimage\"},\"thumbnailUrl\":\"https:\/\/gymnastikenshus.se\/wp-content\/uploads\/2025\/08\/image-3.png\",\"datePublished\":\"2023-10-23T19:56:00+00:00\",\"dateModified\":\"2025-08-26T09:48:51+00:00\",\"breadcrumb\":{\"@id\":\"https:\/\/gymnastikenshus.se\/index.php\/gymnastikhall-13\/#breadcrumb\"},\"inLanguage\":\"sv-SE\",\"potentialAction\":[{\"@type\":\"ReadAction\",\"target\":[\"https:\/\/gymnastikenshus.se\/index.php\/gymnastikhall-13\/\"]}]},{\"@type\":\"ImageObject\",\"inLanguage\":\"sv-SE\",\"@id\":\"https:\/\/gymnastikenshus.se\/index.php\/gymnastikhall-13\/#primaryimage\",\"url\":\"https:\/\/gymnastikenshus.se\/wp-content\/uploads\/2025\/08\/image-3.png\",\"contentUrl\":\"https:\/\/gymnastikenshus.se\/wp-content\/uploads\/2025\/08\/image-3.png\",\"width\":640,\"height\":480},{\"@type\":\"BreadcrumbList\",\"@id\":\"https:\/\/gymnastikenshus.se\/index.php\/gymnastikhall-13\/#breadcrumb\",\"itemListElement\":[{\"@type\":\"ListItem\",\"position\":1,\"name\":\"Hem\",\"item\":\"https:\/\/gymnastikenshus.se\/\"},{\"@type\":\"ListItem\",\"position\":2,\"name\":\"Gymnastikhall 1\"}]},{\"@type\":\"WebSite\",\"@id\":\"https:\/\/gymnastikenshus.se\/#website\",\"url\":\"https:\/\/gymnastikenshus.se\/\",\"name\":\"Gymnastikens Hus i Alings\u00e5s\",\"description\":\"\",\"publisher\":{\"@id\":\"https:\/\/gymnastikenshus.se\/#organization\"},\"potentialAction\":[{\"@type\":\"SearchAction\",\"target\":{\"@type\":\"EntryPoint\",\"urlTemplate\":\"https:\/\/gymnastikenshus.se\/?s={search_term_string}\"},\"query-input\":{\"@type\":\"PropertyValueSpecification\",\"valueRequired\":true,\"valueName\":\"search_term_string\"}}],\"inLanguage\":\"sv-SE\"},{\"@type\":\"Organization\",\"@id\":\"https:\/\/gymnastikenshus.se\/#organization\",\"name\":\"Gymnastikens Hus i Alings\u00e5s\",\"url\":\"https:\/\/gymnastikenshus.se\/\",\"logo\":{\"@type\":\"ImageObject\",\"inLanguage\":\"sv-SE\",\"@id\":\"https:\/\/gymnastikenshus.se\/#\/schema\/logo\/image\/\",\"url\":\"https:\/\/gymnastikenshus.se\/wp-content\/uploads\/2024\/02\/cropped-cropped-image1.jpg\",\"contentUrl\":\"https:\/\/gymnastikenshus.se\/wp-content\/uploads\/2024\/02\/cropped-cropped-image1.jpg\",\"width\":512,\"height\":512,\"caption\":\"Gymnastikens Hus i Alings\u00e5s\"},\"image\":{\"@id\":\"https:\/\/gymnastikenshus.se\/#\/schema\/logo\/image\/\"}}]}<\/script>\n<!-- \/ Yoast SEO plugin. -->","yoast_head_json":{"title":"Gymnastikhall 1 - Gymnastikens Hus i Alings\u00e5s","robots":{"index":"index","follow":"follow","max-snippet":"max-snippet:-1","max-image-preview":"max-image-preview:large","max-video-preview":"max-video-preview:-1"},"canonical":"https:\/\/gymnastikenshus.se\/index.php\/gymnastikhall-13\/","og_locale":"sv_SE","og_type":"article","og_title":"Gymnastikhall 1 - Gymnastikens Hus i Alings\u00e5s","og_description":"Gymnastikhall 1 \u00e4r en av V\u00e4stsveriges b\u00e4st utrustade hallar f\u00f6r kvinnlig och manlig artistisk gymnastik och erbjuder \u00e4ven m\u00f6jlighet att tr\u00e4na trampolin, truppgymnastik och cheerleading. Hallen&nbsp;\u00e4r 1125 kvm och har [&hellip;]","og_url":"https:\/\/gymnastikenshus.se\/index.php\/gymnastikhall-13\/","og_site_name":"Gymnastikens Hus i Alings\u00e5s","article_modified_time":"2025-08-26T09:48:51+00:00","og_image":[{"width":640,"height":480,"url":"https:\/\/gymnastikenshus.se\/wp-content\/uploads\/2025\/08\/image-3.png","type":"image\/png"}],"twitter_card":"summary_large_image","twitter_misc":{"Ber\u00e4knad l\u00e4stid":"3 minuter"},"schema":{"@context":"https:\/\/schema.org","@graph":[{"@type":"WebPage","@id":"https:\/\/gymnastikenshus.se\/index.php\/gymnastikhall-13\/","url":"https:\/\/gymnastikenshus.se\/index.php\/gymnastikhall-13\/","name":"Gymnastikhall 1 - Gymnastikens Hus i Alings\u00e5s","isPartOf":{"@id":"https:\/\/gymnastikenshus.se\/#website"},"primaryImageOfPage":{"@id":"https:\/\/gymnastikenshus.se\/index.php\/gymnastikhall-13\/#primaryimage"},"image":{"@id":"https:\/\/gymnastikenshus.se\/index.php\/gymnastikhall-13\/#primaryimage"},"thumbnailUrl":"https:\/\/gymnastikenshus.se\/wp-content\/uploads\/2025\/08\/image-3.png","datePublished":"2023-10-23T19:56:00+00:00","dateModified":"2025-08-26T09:48:51+00:00","breadcrumb":{"@id":"https:\/\/gymnastikenshus.se\/index.php\/gymnastikhall-13\/#breadcrumb"},"inLanguage":"sv-SE","potentialAction":[{"@type":"ReadAction","target":["https:\/\/gymnastikenshus.se\/index.php\/gymnastikhall-13\/"]}]},{"@type":"ImageObject","inLanguage":"sv-SE","@id":"https:\/\/gymnastikenshus.se\/index.php\/gymnastikhall-13\/#primaryimage","url":"https:\/\/gymnastikenshus.se\/wp-content\/uploads\/2025\/08\/image-3.png","contentUrl":"https:\/\/gymnastikenshus.se\/wp-content\/uploads\/2025\/08\/image-3.png","width":640,"height":480},{"@type":"BreadcrumbList","@id":"https:\/\/gymnastikenshus.se\/index.php\/gymnastikhall-13\/#breadcrumb","itemListElement":[{"@type":"ListItem","position":1,"name":"Hem","item":"https:\/\/gymnastikenshus.se\/"},{"@type":"ListItem","position":2,"name":"Gymnastikhall 1"}]},{"@type":"WebSite","@id":"https:\/\/gymnastikenshus.se\/#website","url":"https:\/\/gymnastikenshus.se\/","name":"Gymnastikens Hus i Alings\u00e5s","description":"","publisher":{"@id":"https:\/\/gymnastikenshus.se\/#organization"},"potentialAction":[{"@type":"SearchAction","target":{"@type":"EntryPoint","urlTemplate":"https:\/\/gymnastikenshus.se\/?s={search_term_string}"},"query-input":{"@type":"PropertyValueSpecification","valueRequired":true,"valueName":"search_term_string"}}],"inLanguage":"sv-SE"},{"@type":"Organization","@id":"https:\/\/gymnastikenshus.se\/#organization","name":"Gymnastikens Hus i Alings\u00e5s","url":"https:\/\/gymnastikenshus.se\/","logo":{"@type":"ImageObject","inLanguage":"sv-SE","@id":"https:\/\/gymnastikenshus.se\/#\/schema\/logo\/image\/","url":"https:\/\/gymnastikenshus.se\/wp-content\/uploads\/2024\/02\/cropped-cropped-image1.jpg","contentUrl":"https:\/\/gymnastikenshus.se\/wp-content\/uploads\/2024\/02\/cropped-cropped-image1.jpg","width":512,"height":512,"caption":"Gymnastikens Hus i Alings\u00e5s"},"image":{"@id":"https:\/\/gymnastikenshus.se\/#\/schema\/logo\/image\/"}}]}},"_links":{"self":[{"href":"https:\/\/gymnastikenshus.se\/index.php\/wp-json\/wp\/v2\/pages\/238","targetHints":{"allow":["GET"]}}],"collection":[{"href":"https:\/\/gymnastikenshus.se\/index.php\/wp-json\/wp\/v2\/pages"}],"about":[{"href":"https:\/\/gymnastikenshus.se\/index.php\/wp-json\/wp\/v2\/types\/page"}],"author":[{"embeddable":true,"href":"https:\/\/gymnastikenshus.se\/index.php\/wp-json\/wp\/v2\/users\/1"}],"replies":[{"embeddable":true,"href":"https:\/\/gymnastikenshus.se\/index.php\/wp-json\/wp\/v2\/comments?post=238"}],"version-history":[{"count":53,"href":"https:\/\/gymnastikenshus.se\/index.php\/wp-json\/wp\/v2\/pages\/238\/revisions"}],"predecessor-version":[{"id":2841,"href":"https:\/\/gymnastikenshus.se\/index.php\/wp-json\/wp\/v2\/pages\/238\/revisions\/2841"}],"wp:attachment":[{"href":"https:\/\/gymnastikenshus.se\/index.php\/wp-json\/wp\/v2\/media?parent=238"}],"curies":[{"name":"wp","href":"https:\/\/api.w.org\/{rel}","templated":true}]}}