{"id":310,"date":"2024-04-23T19:21:57","date_gmt":"2024-04-23T17:21:57","guid":{"rendered":"https:\/\/gh.oscott.se\/?page_id=310"},"modified":"2025-08-26T12:18:44","modified_gmt":"2025-08-26T10:18:44","slug":"cafeteria-2","status":"publish","type":"page","link":"https:\/\/gymnastikenshus.se\/index.php\/cafeteria-2\/","title":{"rendered":"Cafeteria"},"content":{"rendered":"\n<p><img loading=\"lazy\" decoding=\"async\" src=\"https:\/\/lh7-rt.googleusercontent.com\/docsz\/AD_4nXc5LA3IhznszWciGuzisqFYLSgQiiDyAQ2f-Ghw2zxC_YlqNLw6XJ_7tnY7GEPDmx40ZoV252lHAJ5wQVAzcokHbL3sB7U6egrXvN4-WlaOL0ctzarmIXZWrExNnEgZGOk_sbx1ufBnF--Ku9Cai8YCh3IM?key=VaxHpPf3h6gtCg9MsdER9w\" width=\"353\" height=\"223\"><\/p>\n\n\n\n<p>V\u00e5r cafeteria \u00e4r anpassad f\u00f6r 25 personer och kan anv\u00e4ndas vid t ex m\u00e5ltider, m\u00f6ten och sammankomster, kurser och utbildningar, l\u00e4ger eller barnkalas. Cafeterian \u00e4r 35 kvm.<\/p>\n\n\n\n<figure class=\"wp-block-image size-full is-resized\"><img loading=\"lazy\" decoding=\"async\" width=\"1024\" height=\"768\" src=\"https:\/\/gymnastikenshus.se\/wp-content\/uploads\/2025\/08\/image-12.png\" alt=\"\" class=\"wp-image-2852\" style=\"width:356px;height:auto\" srcset=\"https:\/\/gymnastikenshus.se\/wp-content\/uploads\/2025\/08\/image-12.png 1024w, https:\/\/gymnastikenshus.se\/wp-content\/uploads\/2025\/08\/image-12-300x225.png 300w, https:\/\/gymnastikenshus.se\/wp-content\/uploads\/2025\/08\/image-12-768x576.png 768w\" sizes=\"auto, (max-width: 1024px) 100vw, 1024px\" \/><\/figure>\n\n\n\n<p>K\u00f6ket \u00e4r utrustat med&nbsp;spis, ugn, mikrov\u00e5gsugn, kyl, frys, diskmaskin, vattenkokare&nbsp;och kaffebryggare.&nbsp;Det finns \u00e4ven porslin, glas, bestick och \u00f6vriga k\u00f6ksredskap.<\/p>\n\n\n\n<figure class=\"wp-block-image size-full is-resized\"><img loading=\"lazy\" decoding=\"async\" width=\"709\" height=\"945\" src=\"https:\/\/gymnastikenshus.se\/wp-content\/uploads\/2025\/08\/image-11.png\" alt=\"\" class=\"wp-image-2848\" style=\"width:270px;height:auto\" srcset=\"https:\/\/gymnastikenshus.se\/wp-content\/uploads\/2025\/08\/image-11.png 709w, https:\/\/gymnastikenshus.se\/wp-content\/uploads\/2025\/08\/image-11-225x300.png 225w\" sizes=\"auto, (max-width: 709px) 100vw, 709px\" \/><\/figure>\n\n\n\n<p><strong>Max antal personer: 40<\/strong><\/p>\n\n\n\n<p><\/p>\n","protected":false},"excerpt":{"rendered":"<p>V\u00e5r cafeteria \u00e4r anpassad f\u00f6r 25 personer och kan anv\u00e4ndas vid t ex m\u00e5ltider, m\u00f6ten och sammankomster, kurser och utbildningar, l\u00e4ger eller barnkalas. Cafeterian \u00e4r 35 kvm. K\u00f6ket \u00e4r utrustat [&hellip;]<\/p>\n","protected":false},"author":1,"featured_media":0,"parent":0,"menu_order":0,"comment_status":"closed","ping_status":"closed","template":"","meta":{"_EventAllDay":false,"_EventTimezone":"","_EventStartDate":"","_EventEndDate":"","_EventStartDateUTC":"","_EventEndDateUTC":"","_EventShowMap":false,"_EventShowMapLink":false,"_EventURL":"","_EventCost":"","_EventCostDescription":"","_EventCurrencySymbol":"","_EventCurrencyCode":"","_EventCurrencyPosition":"","_EventDateTimeSeparator":"","_EventTimeRangeSeparator":"","_EventOrganizerID":[],"_EventVenueID":[],"_OrganizerEmail":"","_OrganizerPhone":"","_OrganizerWebsite":"","_VenueAddress":"","_VenueCity":"","_VenueCountry":"","_VenueProvince":"","_VenueState":"","_VenueZip":"","_VenuePhone":"","_VenueURL":"","_VenueStateProvince":"","_VenueLat":"","_VenueLng":"","_VenueShowMap":false,"_VenueShowMapLink":false,"footnotes":""},"class_list":["post-310","page","type-page","status-publish","hentry"],"yoast_head":"<!-- This site is optimized with the Yoast SEO plugin v26.9 - https:\/\/yoast.com\/product\/yoast-seo-wordpress\/ -->\n<title>Cafeteria - Gymnastikens Hus i Alings\u00e5s<\/title>\n<meta name=\"robots\" content=\"index, follow, max-snippet:-1, max-image-preview:large, max-video-preview:-1\" \/>\n<link rel=\"canonical\" href=\"https:\/\/gymnastikenshus.se\/index.php\/cafeteria-2\/\" \/>\n<meta property=\"og:locale\" content=\"sv_SE\" \/>\n<meta property=\"og:type\" content=\"article\" \/>\n<meta property=\"og:title\" content=\"Cafeteria - Gymnastikens Hus i Alings\u00e5s\" \/>\n<meta property=\"og:description\" content=\"V\u00e5r cafeteria \u00e4r anpassad f\u00f6r 25 personer och kan anv\u00e4ndas vid t ex m\u00e5ltider, m\u00f6ten och sammankomster, kurser och utbildningar, l\u00e4ger eller barnkalas. Cafeterian \u00e4r 35 kvm. K\u00f6ket \u00e4r utrustat [&hellip;]\" \/>\n<meta property=\"og:url\" content=\"https:\/\/gymnastikenshus.se\/index.php\/cafeteria-2\/\" \/>\n<meta property=\"og:site_name\" content=\"Gymnastikens Hus i Alings\u00e5s\" \/>\n<meta property=\"article:modified_time\" content=\"2025-08-26T10:18:44+00:00\" \/>\n<meta property=\"og:image\" content=\"https:\/\/lh7-rt.googleusercontent.com\/docsz\/AD_4nXc5LA3IhznszWciGuzisqFYLSgQiiDyAQ2f-Ghw2zxC_YlqNLw6XJ_7tnY7GEPDmx40ZoV252lHAJ5wQVAzcokHbL3sB7U6egrXvN4-WlaOL0ctzarmIXZWrExNnEgZGOk_sbx1ufBnF--Ku9Cai8YCh3IM?key=VaxHpPf3h6gtCg9MsdER9w\" \/>\n<meta name=\"twitter:card\" content=\"summary_large_image\" \/>\n<meta name=\"twitter:label1\" content=\"Ber\u00e4knad l\u00e4stid\" \/>\n\t<meta name=\"twitter:data1\" content=\"1 minut\" \/>\n<script type=\"application\/ld+json\" class=\"yoast-schema-graph\">{\"@context\":\"https:\/\/schema.org\",\"@graph\":[{\"@type\":\"WebPage\",\"@id\":\"https:\/\/gymnastikenshus.se\/index.php\/cafeteria-2\/\",\"url\":\"https:\/\/gymnastikenshus.se\/index.php\/cafeteria-2\/\",\"name\":\"Cafeteria - Gymnastikens Hus i Alings\u00e5s\",\"isPartOf\":{\"@id\":\"https:\/\/gymnastikenshus.se\/#website\"},\"primaryImageOfPage\":{\"@id\":\"https:\/\/gymnastikenshus.se\/index.php\/cafeteria-2\/#primaryimage\"},\"image\":{\"@id\":\"https:\/\/gymnastikenshus.se\/index.php\/cafeteria-2\/#primaryimage\"},\"thumbnailUrl\":\"https:\/\/lh7-rt.googleusercontent.com\/docsz\/AD_4nXc5LA3IhznszWciGuzisqFYLSgQiiDyAQ2f-Ghw2zxC_YlqNLw6XJ_7tnY7GEPDmx40ZoV252lHAJ5wQVAzcokHbL3sB7U6egrXvN4-WlaOL0ctzarmIXZWrExNnEgZGOk_sbx1ufBnF--Ku9Cai8YCh3IM?key=VaxHpPf3h6gtCg9MsdER9w\",\"datePublished\":\"2024-04-23T17:21:57+00:00\",\"dateModified\":\"2025-08-26T10:18:44+00:00\",\"breadcrumb\":{\"@id\":\"https:\/\/gymnastikenshus.se\/index.php\/cafeteria-2\/#breadcrumb\"},\"inLanguage\":\"sv-SE\",\"potentialAction\":[{\"@type\":\"ReadAction\",\"target\":[\"https:\/\/gymnastikenshus.se\/index.php\/cafeteria-2\/\"]}]},{\"@type\":\"ImageObject\",\"inLanguage\":\"sv-SE\",\"@id\":\"https:\/\/gymnastikenshus.se\/index.php\/cafeteria-2\/#primaryimage\",\"url\":\"https:\/\/lh7-rt.googleusercontent.com\/docsz\/AD_4nXc5LA3IhznszWciGuzisqFYLSgQiiDyAQ2f-Ghw2zxC_YlqNLw6XJ_7tnY7GEPDmx40ZoV252lHAJ5wQVAzcokHbL3sB7U6egrXvN4-WlaOL0ctzarmIXZWrExNnEgZGOk_sbx1ufBnF--Ku9Cai8YCh3IM?key=VaxHpPf3h6gtCg9MsdER9w\",\"contentUrl\":\"https:\/\/lh7-rt.googleusercontent.com\/docsz\/AD_4nXc5LA3IhznszWciGuzisqFYLSgQiiDyAQ2f-Ghw2zxC_YlqNLw6XJ_7tnY7GEPDmx40ZoV252lHAJ5wQVAzcokHbL3sB7U6egrXvN4-WlaOL0ctzarmIXZWrExNnEgZGOk_sbx1ufBnF--Ku9Cai8YCh3IM?key=VaxHpPf3h6gtCg9MsdER9w\"},{\"@type\":\"BreadcrumbList\",\"@id\":\"https:\/\/gymnastikenshus.se\/index.php\/cafeteria-2\/#breadcrumb\",\"itemListElement\":[{\"@type\":\"ListItem\",\"position\":1,\"name\":\"Hem\",\"item\":\"https:\/\/gymnastikenshus.se\/\"},{\"@type\":\"ListItem\",\"position\":2,\"name\":\"Cafeteria\"}]},{\"@type\":\"WebSite\",\"@id\":\"https:\/\/gymnastikenshus.se\/#website\",\"url\":\"https:\/\/gymnastikenshus.se\/\",\"name\":\"Gymnastikens Hus i Alings\u00e5s\",\"description\":\"\",\"publisher\":{\"@id\":\"https:\/\/gymnastikenshus.se\/#organization\"},\"potentialAction\":[{\"@type\":\"SearchAction\",\"target\":{\"@type\":\"EntryPoint\",\"urlTemplate\":\"https:\/\/gymnastikenshus.se\/?s={search_term_string}\"},\"query-input\":{\"@type\":\"PropertyValueSpecification\",\"valueRequired\":true,\"valueName\":\"search_term_string\"}}],\"inLanguage\":\"sv-SE\"},{\"@type\":\"Organization\",\"@id\":\"https:\/\/gymnastikenshus.se\/#organization\",\"name\":\"Gymnastikens Hus i Alings\u00e5s\",\"url\":\"https:\/\/gymnastikenshus.se\/\",\"logo\":{\"@type\":\"ImageObject\",\"inLanguage\":\"sv-SE\",\"@id\":\"https:\/\/gymnastikenshus.se\/#\/schema\/logo\/image\/\",\"url\":\"https:\/\/gymnastikenshus.se\/wp-content\/uploads\/2024\/02\/cropped-cropped-image1.jpg\",\"contentUrl\":\"https:\/\/gymnastikenshus.se\/wp-content\/uploads\/2024\/02\/cropped-cropped-image1.jpg\",\"width\":512,\"height\":512,\"caption\":\"Gymnastikens Hus i Alings\u00e5s\"},\"image\":{\"@id\":\"https:\/\/gymnastikenshus.se\/#\/schema\/logo\/image\/\"}}]}<\/script>\n<!-- \/ Yoast SEO plugin. -->","yoast_head_json":{"title":"Cafeteria - Gymnastikens Hus i Alings\u00e5s","robots":{"index":"index","follow":"follow","max-snippet":"max-snippet:-1","max-image-preview":"max-image-preview:large","max-video-preview":"max-video-preview:-1"},"canonical":"https:\/\/gymnastikenshus.se\/index.php\/cafeteria-2\/","og_locale":"sv_SE","og_type":"article","og_title":"Cafeteria - Gymnastikens Hus i Alings\u00e5s","og_description":"V\u00e5r cafeteria \u00e4r anpassad f\u00f6r 25 personer och kan anv\u00e4ndas vid t ex m\u00e5ltider, m\u00f6ten och sammankomster, kurser och utbildningar, l\u00e4ger eller barnkalas. Cafeterian \u00e4r 35 kvm. K\u00f6ket \u00e4r utrustat [&hellip;]","og_url":"https:\/\/gymnastikenshus.se\/index.php\/cafeteria-2\/","og_site_name":"Gymnastikens Hus i Alings\u00e5s","article_modified_time":"2025-08-26T10:18:44+00:00","og_image":[{"url":"https:\/\/lh7-rt.googleusercontent.com\/docsz\/AD_4nXc5LA3IhznszWciGuzisqFYLSgQiiDyAQ2f-Ghw2zxC_YlqNLw6XJ_7tnY7GEPDmx40ZoV252lHAJ5wQVAzcokHbL3sB7U6egrXvN4-WlaOL0ctzarmIXZWrExNnEgZGOk_sbx1ufBnF--Ku9Cai8YCh3IM?key=VaxHpPf3h6gtCg9MsdER9w","type":"","width":"","height":""}],"twitter_card":"summary_large_image","twitter_misc":{"Ber\u00e4knad l\u00e4stid":"1 minut"},"schema":{"@context":"https:\/\/schema.org","@graph":[{"@type":"WebPage","@id":"https:\/\/gymnastikenshus.se\/index.php\/cafeteria-2\/","url":"https:\/\/gymnastikenshus.se\/index.php\/cafeteria-2\/","name":"Cafeteria - Gymnastikens Hus i Alings\u00e5s","isPartOf":{"@id":"https:\/\/gymnastikenshus.se\/#website"},"primaryImageOfPage":{"@id":"https:\/\/gymnastikenshus.se\/index.php\/cafeteria-2\/#primaryimage"},"image":{"@id":"https:\/\/gymnastikenshus.se\/index.php\/cafeteria-2\/#primaryimage"},"thumbnailUrl":"https:\/\/lh7-rt.googleusercontent.com\/docsz\/AD_4nXc5LA3IhznszWciGuzisqFYLSgQiiDyAQ2f-Ghw2zxC_YlqNLw6XJ_7tnY7GEPDmx40ZoV252lHAJ5wQVAzcokHbL3sB7U6egrXvN4-WlaOL0ctzarmIXZWrExNnEgZGOk_sbx1ufBnF--Ku9Cai8YCh3IM?key=VaxHpPf3h6gtCg9MsdER9w","datePublished":"2024-04-23T17:21:57+00:00","dateModified":"2025-08-26T10:18:44+00:00","breadcrumb":{"@id":"https:\/\/gymnastikenshus.se\/index.php\/cafeteria-2\/#breadcrumb"},"inLanguage":"sv-SE","potentialAction":[{"@type":"ReadAction","target":["https:\/\/gymnastikenshus.se\/index.php\/cafeteria-2\/"]}]},{"@type":"ImageObject","inLanguage":"sv-SE","@id":"https:\/\/gymnastikenshus.se\/index.php\/cafeteria-2\/#primaryimage","url":"https:\/\/lh7-rt.googleusercontent.com\/docsz\/AD_4nXc5LA3IhznszWciGuzisqFYLSgQiiDyAQ2f-Ghw2zxC_YlqNLw6XJ_7tnY7GEPDmx40ZoV252lHAJ5wQVAzcokHbL3sB7U6egrXvN4-WlaOL0ctzarmIXZWrExNnEgZGOk_sbx1ufBnF--Ku9Cai8YCh3IM?key=VaxHpPf3h6gtCg9MsdER9w","contentUrl":"https:\/\/lh7-rt.googleusercontent.com\/docsz\/AD_4nXc5LA3IhznszWciGuzisqFYLSgQiiDyAQ2f-Ghw2zxC_YlqNLw6XJ_7tnY7GEPDmx40ZoV252lHAJ5wQVAzcokHbL3sB7U6egrXvN4-WlaOL0ctzarmIXZWrExNnEgZGOk_sbx1ufBnF--Ku9Cai8YCh3IM?key=VaxHpPf3h6gtCg9MsdER9w"},{"@type":"BreadcrumbList","@id":"https:\/\/gymnastikenshus.se\/index.php\/cafeteria-2\/#breadcrumb","itemListElement":[{"@type":"ListItem","position":1,"name":"Hem","item":"https:\/\/gymnastikenshus.se\/"},{"@type":"ListItem","position":2,"name":"Cafeteria"}]},{"@type":"WebSite","@id":"https:\/\/gymnastikenshus.se\/#website","url":"https:\/\/gymnastikenshus.se\/","name":"Gymnastikens Hus i Alings\u00e5s","description":"","publisher":{"@id":"https:\/\/gymnastikenshus.se\/#organization"},"potentialAction":[{"@type":"SearchAction","target":{"@type":"EntryPoint","urlTemplate":"https:\/\/gymnastikenshus.se\/?s={search_term_string}"},"query-input":{"@type":"PropertyValueSpecification","valueRequired":true,"valueName":"search_term_string"}}],"inLanguage":"sv-SE"},{"@type":"Organization","@id":"https:\/\/gymnastikenshus.se\/#organization","name":"Gymnastikens Hus i Alings\u00e5s","url":"https:\/\/gymnastikenshus.se\/","logo":{"@type":"ImageObject","inLanguage":"sv-SE","@id":"https:\/\/gymnastikenshus.se\/#\/schema\/logo\/image\/","url":"https:\/\/gymnastikenshus.se\/wp-content\/uploads\/2024\/02\/cropped-cropped-image1.jpg","contentUrl":"https:\/\/gymnastikenshus.se\/wp-content\/uploads\/2024\/02\/cropped-cropped-image1.jpg","width":512,"height":512,"caption":"Gymnastikens Hus i Alings\u00e5s"},"image":{"@id":"https:\/\/gymnastikenshus.se\/#\/schema\/logo\/image\/"}}]}},"_links":{"self":[{"href":"https:\/\/gymnastikenshus.se\/index.php\/wp-json\/wp\/v2\/pages\/310","targetHints":{"allow":["GET"]}}],"collection":[{"href":"https:\/\/gymnastikenshus.se\/index.php\/wp-json\/wp\/v2\/pages"}],"about":[{"href":"https:\/\/gymnastikenshus.se\/index.php\/wp-json\/wp\/v2\/types\/page"}],"author":[{"embeddable":true,"href":"https:\/\/gymnastikenshus.se\/index.php\/wp-json\/wp\/v2\/users\/1"}],"replies":[{"embeddable":true,"href":"https:\/\/gymnastikenshus.se\/index.php\/wp-json\/wp\/v2\/comments?post=310"}],"version-history":[{"count":19,"href":"https:\/\/gymnastikenshus.se\/index.php\/wp-json\/wp\/v2\/pages\/310\/revisions"}],"predecessor-version":[{"id":2853,"href":"https:\/\/gymnastikenshus.se\/index.php\/wp-json\/wp\/v2\/pages\/310\/revisions\/2853"}],"wp:attachment":[{"href":"https:\/\/gymnastikenshus.se\/index.php\/wp-json\/wp\/v2\/media?parent=310"}],"curies":[{"name":"wp","href":"https:\/\/api.w.org\/{rel}","templated":true}]}}