{"id":421,"date":"2024-06-18T17:41:47","date_gmt":"2024-06-18T17:41:47","guid":{"rendered":"https:\/\/gymnastikenshus.se\/?page_id=421"},"modified":"2026-01-03T17:16:24","modified_gmt":"2026-01-03T15:16:24","slug":"historik","status":"publish","type":"page","link":"https:\/\/gymnastikenshus.se\/index.php\/historik\/","title":{"rendered":"Hyror 2026"},"content":{"rendered":"\n<p><strong>Taxa 1:<\/strong> Medlemsf\u00f6reningar i Gymnastikens Hus i Alings\u00e5s ekonomiska f\u00f6rening<\/p>\n\n\n\n<p><strong>Taxa 2: <\/strong>Ideella idrottsf\u00f6reningar och idrottsf\u00f6rbund<\/p>\n\n\n\n<p><strong>Taxa 3: <\/strong>Skolor och \u00f6vriga hyresg\u00e4ster&nbsp;<\/p>\n\n\n\n<figure class=\"wp-block-table\"><table class=\"has-fixed-layout\"><tbody><tr><td><strong>Anl\u00e4ggning\/ Hall<\/strong><\/td><td><strong>Taxa 1 ( kr\/tim)<\/strong><\/td><td><strong>Taxa 2 ( kr\/tim)<\/strong><\/td><td><strong>Taxa 3 ( kr\/tim)<\/strong><\/td><td><strong>Anm\u00e4rkning<\/strong><\/td><\/tr><tr><td><strong>Hall 1 <\/strong><\/td><td>400<\/td><td>695<\/td><td>830<\/td><td>S\u00e4rskilda hyresvillkor g\u00e4ller f\u00f6r Hall 1. <br>Se &#8221;Hyresvillkor och ordningsregler&#8221; under &#8221;Bokning&#8221;.<\/td><\/tr><tr><td><strong>Hall 2<\/strong><\/td><td>315<\/td><td>385<\/td><td>520<\/td><td><\/td><\/tr><tr><td><strong>Extra omkl\u00e4dningsrum<\/strong><\/td><td>100<\/td><td>120<\/td><td>160<\/td><td><\/td><\/tr><tr><td><strong>Cafeteria<\/strong><\/td><td>230<\/td><td>325<\/td><td>390<\/td><td><\/td><\/tr><tr><td><strong>L\u00e4ger<\/strong> <strong>med<\/strong> <strong>\u00f6vernattning<\/strong><\/td><td><\/td><td><\/td><td><\/td><td>Kontakta kansliet<\/td><\/tr><\/tbody><\/table><\/figure>\n\n\n\n<p><\/p>\n\n\n\n<p><\/p>\n","protected":false},"excerpt":{"rendered":"<p>Taxa 1: Medlemsf\u00f6reningar i Gymnastikens Hus i Alings\u00e5s ekonomiska f\u00f6rening Taxa 2: Ideella idrottsf\u00f6reningar och idrottsf\u00f6rbund Taxa 3: Skolor och \u00f6vriga hyresg\u00e4ster&nbsp; Anl\u00e4ggning\/ Hall Taxa 1 ( kr\/tim) Taxa 2 [&hellip;]<\/p>\n","protected":false},"author":1,"featured_media":0,"parent":0,"menu_order":0,"comment_status":"closed","ping_status":"closed","template":"","meta":{"_EventAllDay":false,"_EventTimezone":"","_EventStartDate":"","_EventEndDate":"","_EventStartDateUTC":"","_EventEndDateUTC":"","_EventShowMap":false,"_EventShowMapLink":false,"_EventURL":"","_EventCost":"","_EventCostDescription":"","_EventCurrencySymbol":"","_EventCurrencyCode":"","_EventCurrencyPosition":"","_EventDateTimeSeparator":"","_EventTimeRangeSeparator":"","_EventOrganizerID":[],"_EventVenueID":[],"_OrganizerEmail":"","_OrganizerPhone":"","_OrganizerWebsite":"","_VenueAddress":"","_VenueCity":"","_VenueCountry":"","_VenueProvince":"","_VenueState":"","_VenueZip":"","_VenuePhone":"","_VenueURL":"","_VenueStateProvince":"","_VenueLat":"","_VenueLng":"","_VenueShowMap":false,"_VenueShowMapLink":false,"footnotes":""},"class_list":["post-421","page","type-page","status-publish","hentry"],"yoast_head":"<!-- This site is optimized with the Yoast SEO plugin v26.9 - https:\/\/yoast.com\/product\/yoast-seo-wordpress\/ -->\n<title>Hyror 2026 - Gymnastikens Hus i Alings\u00e5s<\/title>\n<meta name=\"robots\" content=\"index, follow, max-snippet:-1, max-image-preview:large, max-video-preview:-1\" \/>\n<link rel=\"canonical\" href=\"https:\/\/gymnastikenshus.se\/index.php\/historik\/\" \/>\n<meta property=\"og:locale\" content=\"sv_SE\" \/>\n<meta property=\"og:type\" content=\"article\" \/>\n<meta property=\"og:title\" content=\"Hyror 2026 - Gymnastikens Hus i Alings\u00e5s\" \/>\n<meta property=\"og:description\" content=\"Taxa 1: Medlemsf\u00f6reningar i Gymnastikens Hus i Alings\u00e5s ekonomiska f\u00f6rening Taxa 2: Ideella idrottsf\u00f6reningar och idrottsf\u00f6rbund Taxa 3: Skolor och \u00f6vriga hyresg\u00e4ster&nbsp; Anl\u00e4ggning\/ Hall Taxa 1 ( kr\/tim) Taxa 2 [&hellip;]\" \/>\n<meta property=\"og:url\" content=\"https:\/\/gymnastikenshus.se\/index.php\/historik\/\" \/>\n<meta property=\"og:site_name\" content=\"Gymnastikens Hus i Alings\u00e5s\" \/>\n<meta property=\"article:modified_time\" content=\"2026-01-03T15:16:24+00:00\" \/>\n<meta name=\"twitter:card\" content=\"summary_large_image\" \/>\n<meta name=\"twitter:label1\" content=\"Ber\u00e4knad l\u00e4stid\" \/>\n\t<meta name=\"twitter:data1\" content=\"1 minut\" \/>\n<script type=\"application\/ld+json\" class=\"yoast-schema-graph\">{\"@context\":\"https:\/\/schema.org\",\"@graph\":[{\"@type\":\"WebPage\",\"@id\":\"https:\/\/gymnastikenshus.se\/index.php\/historik\/\",\"url\":\"https:\/\/gymnastikenshus.se\/index.php\/historik\/\",\"name\":\"Hyror 2026 - Gymnastikens Hus i Alings\u00e5s\",\"isPartOf\":{\"@id\":\"https:\/\/gymnastikenshus.se\/#website\"},\"datePublished\":\"2024-06-18T17:41:47+00:00\",\"dateModified\":\"2026-01-03T15:16:24+00:00\",\"breadcrumb\":{\"@id\":\"https:\/\/gymnastikenshus.se\/index.php\/historik\/#breadcrumb\"},\"inLanguage\":\"sv-SE\",\"potentialAction\":[{\"@type\":\"ReadAction\",\"target\":[\"https:\/\/gymnastikenshus.se\/index.php\/historik\/\"]}]},{\"@type\":\"BreadcrumbList\",\"@id\":\"https:\/\/gymnastikenshus.se\/index.php\/historik\/#breadcrumb\",\"itemListElement\":[{\"@type\":\"ListItem\",\"position\":1,\"name\":\"Hem\",\"item\":\"https:\/\/gymnastikenshus.se\/\"},{\"@type\":\"ListItem\",\"position\":2,\"name\":\"Hyror 2026\"}]},{\"@type\":\"WebSite\",\"@id\":\"https:\/\/gymnastikenshus.se\/#website\",\"url\":\"https:\/\/gymnastikenshus.se\/\",\"name\":\"Gymnastikens Hus i Alings\u00e5s\",\"description\":\"\",\"publisher\":{\"@id\":\"https:\/\/gymnastikenshus.se\/#organization\"},\"potentialAction\":[{\"@type\":\"SearchAction\",\"target\":{\"@type\":\"EntryPoint\",\"urlTemplate\":\"https:\/\/gymnastikenshus.se\/?s={search_term_string}\"},\"query-input\":{\"@type\":\"PropertyValueSpecification\",\"valueRequired\":true,\"valueName\":\"search_term_string\"}}],\"inLanguage\":\"sv-SE\"},{\"@type\":\"Organization\",\"@id\":\"https:\/\/gymnastikenshus.se\/#organization\",\"name\":\"Gymnastikens Hus i Alings\u00e5s\",\"url\":\"https:\/\/gymnastikenshus.se\/\",\"logo\":{\"@type\":\"ImageObject\",\"inLanguage\":\"sv-SE\",\"@id\":\"https:\/\/gymnastikenshus.se\/#\/schema\/logo\/image\/\",\"url\":\"https:\/\/gymnastikenshus.se\/wp-content\/uploads\/2024\/02\/cropped-cropped-image1.jpg\",\"contentUrl\":\"https:\/\/gymnastikenshus.se\/wp-content\/uploads\/2024\/02\/cropped-cropped-image1.jpg\",\"width\":512,\"height\":512,\"caption\":\"Gymnastikens Hus i Alings\u00e5s\"},\"image\":{\"@id\":\"https:\/\/gymnastikenshus.se\/#\/schema\/logo\/image\/\"}}]}<\/script>\n<!-- \/ Yoast SEO plugin. -->","yoast_head_json":{"title":"Hyror 2026 - Gymnastikens Hus i Alings\u00e5s","robots":{"index":"index","follow":"follow","max-snippet":"max-snippet:-1","max-image-preview":"max-image-preview:large","max-video-preview":"max-video-preview:-1"},"canonical":"https:\/\/gymnastikenshus.se\/index.php\/historik\/","og_locale":"sv_SE","og_type":"article","og_title":"Hyror 2026 - Gymnastikens Hus i Alings\u00e5s","og_description":"Taxa 1: Medlemsf\u00f6reningar i Gymnastikens Hus i Alings\u00e5s ekonomiska f\u00f6rening Taxa 2: Ideella idrottsf\u00f6reningar och idrottsf\u00f6rbund Taxa 3: Skolor och \u00f6vriga hyresg\u00e4ster&nbsp; Anl\u00e4ggning\/ Hall Taxa 1 ( kr\/tim) Taxa 2 [&hellip;]","og_url":"https:\/\/gymnastikenshus.se\/index.php\/historik\/","og_site_name":"Gymnastikens Hus i Alings\u00e5s","article_modified_time":"2026-01-03T15:16:24+00:00","twitter_card":"summary_large_image","twitter_misc":{"Ber\u00e4knad l\u00e4stid":"1 minut"},"schema":{"@context":"https:\/\/schema.org","@graph":[{"@type":"WebPage","@id":"https:\/\/gymnastikenshus.se\/index.php\/historik\/","url":"https:\/\/gymnastikenshus.se\/index.php\/historik\/","name":"Hyror 2026 - Gymnastikens Hus i Alings\u00e5s","isPartOf":{"@id":"https:\/\/gymnastikenshus.se\/#website"},"datePublished":"2024-06-18T17:41:47+00:00","dateModified":"2026-01-03T15:16:24+00:00","breadcrumb":{"@id":"https:\/\/gymnastikenshus.se\/index.php\/historik\/#breadcrumb"},"inLanguage":"sv-SE","potentialAction":[{"@type":"ReadAction","target":["https:\/\/gymnastikenshus.se\/index.php\/historik\/"]}]},{"@type":"BreadcrumbList","@id":"https:\/\/gymnastikenshus.se\/index.php\/historik\/#breadcrumb","itemListElement":[{"@type":"ListItem","position":1,"name":"Hem","item":"https:\/\/gymnastikenshus.se\/"},{"@type":"ListItem","position":2,"name":"Hyror 2026"}]},{"@type":"WebSite","@id":"https:\/\/gymnastikenshus.se\/#website","url":"https:\/\/gymnastikenshus.se\/","name":"Gymnastikens Hus i Alings\u00e5s","description":"","publisher":{"@id":"https:\/\/gymnastikenshus.se\/#organization"},"potentialAction":[{"@type":"SearchAction","target":{"@type":"EntryPoint","urlTemplate":"https:\/\/gymnastikenshus.se\/?s={search_term_string}"},"query-input":{"@type":"PropertyValueSpecification","valueRequired":true,"valueName":"search_term_string"}}],"inLanguage":"sv-SE"},{"@type":"Organization","@id":"https:\/\/gymnastikenshus.se\/#organization","name":"Gymnastikens Hus i Alings\u00e5s","url":"https:\/\/gymnastikenshus.se\/","logo":{"@type":"ImageObject","inLanguage":"sv-SE","@id":"https:\/\/gymnastikenshus.se\/#\/schema\/logo\/image\/","url":"https:\/\/gymnastikenshus.se\/wp-content\/uploads\/2024\/02\/cropped-cropped-image1.jpg","contentUrl":"https:\/\/gymnastikenshus.se\/wp-content\/uploads\/2024\/02\/cropped-cropped-image1.jpg","width":512,"height":512,"caption":"Gymnastikens Hus i Alings\u00e5s"},"image":{"@id":"https:\/\/gymnastikenshus.se\/#\/schema\/logo\/image\/"}}]}},"_links":{"self":[{"href":"https:\/\/gymnastikenshus.se\/index.php\/wp-json\/wp\/v2\/pages\/421","targetHints":{"allow":["GET"]}}],"collection":[{"href":"https:\/\/gymnastikenshus.se\/index.php\/wp-json\/wp\/v2\/pages"}],"about":[{"href":"https:\/\/gymnastikenshus.se\/index.php\/wp-json\/wp\/v2\/types\/page"}],"author":[{"embeddable":true,"href":"https:\/\/gymnastikenshus.se\/index.php\/wp-json\/wp\/v2\/users\/1"}],"replies":[{"embeddable":true,"href":"https:\/\/gymnastikenshus.se\/index.php\/wp-json\/wp\/v2\/comments?post=421"}],"version-history":[{"count":22,"href":"https:\/\/gymnastikenshus.se\/index.php\/wp-json\/wp\/v2\/pages\/421\/revisions"}],"predecessor-version":[{"id":3269,"href":"https:\/\/gymnastikenshus.se\/index.php\/wp-json\/wp\/v2\/pages\/421\/revisions\/3269"}],"wp:attachment":[{"href":"https:\/\/gymnastikenshus.se\/index.php\/wp-json\/wp\/v2\/media?parent=421"}],"curies":[{"name":"wp","href":"https:\/\/api.w.org\/{rel}","templated":true}]}}